{"id":7093,"date":"2023-12-17T14:28:55","date_gmt":"2023-12-17T17:28:55","guid":{"rendered":"https:\/\/tododescuento.cl\/?post_type=product&#038;p=7093"},"modified":"2026-01-08T22:27:45","modified_gmt":"2026-01-09T01:27:45","slug":"filamento-3d-marca-tronxy-pla-de-1-75mm-y-1kg","status":"publish","type":"product","link":"https:\/\/tododescuento.cl\/web\/producto\/filamento-3d-marca-tronxy-pla-de-1-75mm-y-1kg\/","title":{"rendered":"Filamento 3D TRONXY PLA De 1.75mm y 1Kg"},"content":{"rendered":"<div class=\"translate-tooltip-mtz translator-hidden\">\n<div class=\"translated-text\">\n<div class=\"words\"><\/div>\n<div class=\"sentences\"><\/div>\n<\/div>\n<\/div>\n<p>&nbsp;<\/p>\n<p><iframe loading=\"lazy\" title=\"Review TRONXY PLA - #review #pla (Video 2)\" width=\"1170\" height=\"658\" src=\"https:\/\/www.youtube.com\/embed\/rETA7MV9nN8?start=226&#038;feature=oembed\" frameborder=\"0\" allow=\"accelerometer; autoplay; clipboard-write; encrypted-media; gyroscope; picture-in-picture; web-share\" referrerpolicy=\"strict-origin-when-cross-origin\" allowfullscreen><\/iframe><\/p>\n<p>En el mercado se pueden encontrar filamentos especiales que permiten obtener un acabado impresionantes en las piezas impresas en 3D. Un excelente ejemplo de ello es la gama de productos PLA TRONXY.<\/p>\n<p>F\u00e1cil de imprimir, y sin contracciones, perfecto para piezas de gran tama\u00f1o. Con el filamento PLA TRONXY puedes alcanzar acabados fant\u00e1sticos y colores v\u00edvidos en todas tus piezas.<\/p>\n<p>El filamento PLA es el mas com\u00fan y el m\u00e1s f\u00e1cil de usar. A diferencia de la mayor\u00eda de los pl\u00e1sticos, est\u00e1 hecho de almid\u00f3n de ma\u00edz o ca\u00f1a de az\u00facar, por lo que no es t\u00f3xico y, en teor\u00eda, es comportable. El PLA usa un calor bastante bajo, entre 190 y 215 grados Celsius, para derretir el pl\u00e1stico para la extrusi\u00f3n, por lo que es el m\u00e1s seguro de los filamentos. Casi todas las impresoras 3D FDM del mundo pueden imprimir PLA.<\/p>\n<p>Impresi\u00f3n suave: con mayor dureza, la alimentaci\u00f3n de filamento de impresora 3D ser\u00e1 m\u00e1s suave y no se romper\u00e1 en el tubo.<\/p>\n<p>La precisi\u00f3n dimensional del filamento de PLA TRONXY es de 1.75 mm, por lo que la impresi\u00f3n ser\u00e1 m\u00e1s suave sin atascar las boquillas.<\/p>\n<p>F\u00e1cil de imprimir para principiantes: filamento de PLA TRONXY de alta pureza con buena viscosidad entre capas y sin deformaci\u00f3n, 100 % sin burbujas, menos enredos, con buena forma y soporte f\u00e1cil de quitar.<\/p>\n<p>Filamento de PLA TRONXY de alta pureza: la materia prima de PLA est\u00e1 hecha de almid\u00f3n de ma\u00edz y es segura para los ni\u00f1os. Impresi\u00f3n 3D perfecta con impresoras 3D FDM del 99 % y bol\u00edgrafos 3D.<\/p>\n<p>&nbsp;<\/p>\n<p>Tolerancia: 0,02 mm *<br \/>\nTemperatura de impresi\u00f3n: 190-230 C<br \/>\nVelocidad de impresi\u00f3n: 50-100 mm \/ s<br \/>\nTemperatura de la plataforma: Se requiere pegamento si no se calienta, No se requiere pegamento si se calienta 60-80 C<br \/>\nBurbuja : sin burbujas * Tensi\u00f3n (kgf): 11-16<br \/>\nTasa de flujo m\u00e1sico de fusi\u00f3n: 6-8g \/ 10min (190 2.1, 2.16Kg)<\/p>\n<p>Baja contracci\u00f3n, f\u00e1cil de imprimir, inoloro Compatible con todo tipo de impresoras 3D FDM, adecuado para imprimir obras de arte y manualidades<\/p>\n<p>Paquete profesional: sellado al vac\u00edo con desecante de alta calidad para mantener el filamento de seco y mantener fuera el polvo.<\/p>\n<p>&nbsp;<\/p>\n<p>****ATENCI\u00d3N****<\/p>\n<p>Todo Descuento se acoge al derecho a retracto de cualquier cliente solo si este cumple con las siguientes consideraciones:<\/p>\n<p>El Producto al ser un CONSUMIBLE debe devolverse en su empaque original y sellado.<br \/>\nEl producto no debe estar modificado o alterado de su estado original<br \/>\nNo debe presentar da\u00f1o alguno tanto en su empaque como el producto mismo.<br \/>\nNo debe presentar se\u00f1ales de uso.<\/p>\n<p>En caso de que reciba un producto con alg\u00fan detalle o desperfecto de fabrica se aceptaran los cambios o devoluciones solo si se cumplen las siguientes condiciones:<\/p>\n<p>Fotograf\u00eda del defecto<br \/>\nEtiquetado Completo<br \/>\nEmbalaje Original con sus protecciones sin da\u00f1os.<br \/>\nEl producto debe estar en buen estado y limpio<\/p>\n<p>En caso de que tu producto no cumpla con las condiciones para aceptar la devoluci\u00f3n. Te informaremos la raz\u00f3n por la cual no procede el cambio y\/o garant\u00eda y el producto ser\u00e1 devuelto a la direcci\u00f3n de env\u00edo inicial.<\/p>\n<p>***Nuestros despachos se coordinar\u00e1n en 48 Hrs. h\u00e1biles desde el momento de la compra***<\/p>\n<p>&#8212;&#8212;&#8212;&#8212;&#8212;&#8212;&#8212;&#8212;&#8212;&#8212;&#8212;&#8212;&#8212;&#8212;&#8212;&#8212;&#8212;&#8212;&#8212;&#8212;&#8212;&#8211;<br \/>\nLos productos son revisados antes de ser despachados, por ende, debes revisarlo al recibir. Cualquier da\u00f1o debe ser informado a la agencia de transportes quienes son los responsables del producto durante el despacho.<br \/>\n&#8212;&#8212;&#8212;&#8212;&#8212;&#8212;&#8212;&#8212;&#8212;&#8212;&#8212;&#8212;&#8212;&#8212;&#8212;&#8212;&#8212;&#8212;&#8212;&#8212;&#8212;&#8211;<\/p>\n<p>*** Retiros en tienda de lunes a viernes de 10 a 13hrs y de 14 a 17hrs. *****<\/p>\n<p>&nbsp;<\/p>\n","protected":false},"excerpt":{"rendered":"<p>&nbsp;<\/p>\n<p>Para que tus impresiones 3D tengan una precisi\u00f3n y resoluci\u00f3n excepcional necesitar\u00e1s el mejor material PLA.<\/p>\n<p>&nbsp;<\/p>\n","protected":false},"featured_media":434,"comment_status":"open","ping_status":"closed","template":"","meta":[],"product_brand":[],"product_cat":[572,273,562],"product_tag":[275,276,277],"class_list":{"0":"post-7093","1":"product","2":"type-product","3":"status-publish","4":"has-post-thumbnail","6":"product_cat-filamentos","7":"product_cat-impresion-3d","8":"product_cat-tronxy","9":"product_tag-filamento-3d","10":"product_tag-pla","11":"product_tag-tronxy","13":"first","14":"instock","15":"sale","16":"purchasable","17":"product-type-variable"},"_links":{"self":[{"href":"https:\/\/tododescuento.cl\/web\/wp-json\/wp\/v2\/product\/7093","targetHints":{"allow":["GET"]}}],"collection":[{"href":"https:\/\/tododescuento.cl\/web\/wp-json\/wp\/v2\/product"}],"about":[{"href":"https:\/\/tododescuento.cl\/web\/wp-json\/wp\/v2\/types\/product"}],"replies":[{"embeddable":true,"href":"https:\/\/tododescuento.cl\/web\/wp-json\/wp\/v2\/comments?post=7093"}],"wp:featuredmedia":[{"embeddable":true,"href":"https:\/\/tododescuento.cl\/web\/wp-json\/wp\/v2\/media\/434"}],"wp:attachment":[{"href":"https:\/\/tododescuento.cl\/web\/wp-json\/wp\/v2\/media?parent=7093"}],"wp:term":[{"taxonomy":"product_brand","embeddable":true,"href":"https:\/\/tododescuento.cl\/web\/wp-json\/wp\/v2\/product_brand?post=7093"},{"taxonomy":"product_cat","embeddable":true,"href":"https:\/\/tododescuento.cl\/web\/wp-json\/wp\/v2\/product_cat?post=7093"},{"taxonomy":"product_tag","embeddable":true,"href":"https:\/\/tododescuento.cl\/web\/wp-json\/wp\/v2\/product_tag?post=7093"}],"curies":[{"name":"wp","href":"https:\/\/api.w.org\/{rel}","templated":true}]}}