{"id":7092,"date":"2023-12-17T14:28:55","date_gmt":"2023-12-17T17:28:55","guid":{"rendered":"https:\/\/tododescuento.cl\/?post_type=product&#038;p=7092"},"modified":"2025-12-09T14:11:13","modified_gmt":"2025-12-09T17:11:13","slug":"silla-windsor","status":"publish","type":"product","link":"https:\/\/tododescuento.cl\/web\/producto\/silla-windsor\/","title":{"rendered":"Pack 6 Sillas Windsor Vintage"},"content":{"rendered":"<p>Con un dise\u00f1o ergon\u00f3mico y duradero con un aspecto moderno, su asiento elaborado en pl\u00e1stico tipo polipropileno y dise\u00f1o vanguardista ayudar\u00e1 a mejorar cualquier ambiente de tu hogar, sus patas elaboradas en madera le dar\u00e1n el toque moderno, ideal tanto para ambientes interiores o exteriores.<\/p>\n<p>Las sillas vienen desarmadas en dos partes, el respaldo con el asiento y las patas. Consigo trae las herramientas para ensamblar c\u00f3modamente en tu hogar.<\/p>\n<p>Cuidados del Producto:<br \/>\n*Limpiar con un pa\u00f1o humedecido en agua tibia y jab\u00f3n neutro, seguidamente secar con un pa\u00f1o absorbente suave.<br \/>\n*No utilizar productos de limpieza corrosivos, abrasivos o amoniacales que puedan da\u00f1ar el material.<\/p>\n<p>Dimensiones y caracter\u00edsticas:<\/p>\n<p>*Alto: 80 cm<\/p>\n<p>*Ancho: 50 cm<\/p>\n<p>*Profundidad: 40 cm<\/p>\n<p>*Altura de asiento: 40 cm<\/p>\n<p>*Asiento: Polipropileno<\/p>\n","protected":false},"excerpt":{"rendered":"<div class=\"translate-tooltip-mtz translator-hidden\">\n<div class=\"header\">\n<div class=\"header-controls\">\n<p>La Silla Windsor es un cl\u00e1sico del dise\u00f1o que ha sido utilizado en cafeter\u00edas y cocinas retro de todo el mundo.<\/p>\n<p>&nbsp;<\/p>\n<\/div>\n<\/div>\n<\/div>\n<p>&nbsp;<\/p>\n","protected":false},"featured_media":8674,"comment_status":"closed","ping_status":"closed","template":"","meta":[],"product_brand":[],"product_cat":[270,271,561],"product_tag":[430,351,272],"class_list":{"0":"post-7092","1":"product","2":"type-product","3":"status-publish","4":"has-post-thumbnail","6":"product_cat-muebles","7":"product_cat-sillas","8":"product_cat-tododescuento","9":"product_tag-silla","10":"product_tag-vintage","11":"product_tag-windsor","13":"first","14":"instock","15":"sale","16":"purchasable","17":"product-type-variable"},"_links":{"self":[{"href":"https:\/\/tododescuento.cl\/web\/wp-json\/wp\/v2\/product\/7092","targetHints":{"allow":["GET"]}}],"collection":[{"href":"https:\/\/tododescuento.cl\/web\/wp-json\/wp\/v2\/product"}],"about":[{"href":"https:\/\/tododescuento.cl\/web\/wp-json\/wp\/v2\/types\/product"}],"replies":[{"embeddable":true,"href":"https:\/\/tododescuento.cl\/web\/wp-json\/wp\/v2\/comments?post=7092"}],"wp:featuredmedia":[{"embeddable":true,"href":"https:\/\/tododescuento.cl\/web\/wp-json\/wp\/v2\/media\/8674"}],"wp:attachment":[{"href":"https:\/\/tododescuento.cl\/web\/wp-json\/wp\/v2\/media?parent=7092"}],"wp:term":[{"taxonomy":"product_brand","embeddable":true,"href":"https:\/\/tododescuento.cl\/web\/wp-json\/wp\/v2\/product_brand?post=7092"},{"taxonomy":"product_cat","embeddable":true,"href":"https:\/\/tododescuento.cl\/web\/wp-json\/wp\/v2\/product_cat?post=7092"},{"taxonomy":"product_tag","embeddable":true,"href":"https:\/\/tododescuento.cl\/web\/wp-json\/wp\/v2\/product_tag?post=7092"}],"curies":[{"name":"wp","href":"https:\/\/api.w.org\/{rel}","templated":true}]}}