{"id":7062,"date":"2023-12-17T14:28:39","date_gmt":"2023-12-17T17:28:39","guid":{"rendered":"https:\/\/tododescuento.cl\/?post_type=product&#038;p=7062"},"modified":"2025-03-14T09:14:15","modified_gmt":"2025-03-14T12:14:15","slug":"congelador-sd-250-lts-tapa-vidrio","status":"publish","type":"product","link":"https:\/\/tododescuento.cl\/web\/producto\/congelador-sd-250-lts-tapa-vidrio\/","title":{"rendered":"CONGELADOR SD-250 LTS TAPA VIDRIO"},"content":{"rendered":"<p><strong>Caracter\u00edsticas generales:<\/strong><\/p>\n<ul>\n<li>Panel de control frontal con termostato de regulaci\u00f3n.<\/li>\n<li>Sistema de vidrios correderas (termopanel)<\/li>\n<li>Ruedas para su f\u00e1cil traslado.<\/li>\n<li>Exterior acero pre-pintado.<\/li>\n<li>Interior Aluminio.<\/li>\n<\/ul>\n<p><strong>Especificaciones T\u00e9cnicas:\u00a0<\/strong><\/p>\n<ul>\n<li>Capacidad 250Lts<\/li>\n<li>Sistema de refrigeraci\u00f3n est\u00e1tico por convecci\u00f3n natural.<\/li>\n<li>Temperatura de congelados: -18\u00baC a -24\u00baC<\/li>\n<li>Refrigerante ecol\u00f3gico sin CFC ni FCKW<\/li>\n<li>Peso: 61 Kg<\/li>\n<li>Dimensiones: 1090x550x900mm<\/li>\n<\/ul>\n","protected":false},"excerpt":{"rendered":"<p><strong>Sistema de refrigeraci\u00f3n est\u00e1tico por convecci\u00f3n natural. Control de T\u00ba por termostato ajustable. Refrigerante ecol\u00f3gico sin CFC ni FCKW. Cuerpo profundo para mayor capacidad de almacenaje. 2 puertas de corredera con llave. 1 canastillo de almacenaje removible. Interior blanco Base con ruedas. Congelador industrial para uso comercial.<\/strong><\/p>\n","protected":false},"featured_media":9475,"comment_status":"closed","ping_status":"closed","template":"","meta":[],"product_brand":[],"product_cat":[228,229],"product_tag":[231,236],"class_list":{"0":"post-7062","1":"product","2":"type-product","3":"status-publish","4":"has-post-thumbnail","6":"product_cat-comercio","7":"product_cat-congeladores","8":"product_tag-blanco","9":"product_tag-sd-250","11":"first","12":"instock","13":"sale","14":"purchasable","15":"product-type-simple"},"_links":{"self":[{"href":"https:\/\/tododescuento.cl\/web\/wp-json\/wp\/v2\/product\/7062","targetHints":{"allow":["GET"]}}],"collection":[{"href":"https:\/\/tododescuento.cl\/web\/wp-json\/wp\/v2\/product"}],"about":[{"href":"https:\/\/tododescuento.cl\/web\/wp-json\/wp\/v2\/types\/product"}],"replies":[{"embeddable":true,"href":"https:\/\/tododescuento.cl\/web\/wp-json\/wp\/v2\/comments?post=7062"}],"wp:featuredmedia":[{"embeddable":true,"href":"https:\/\/tododescuento.cl\/web\/wp-json\/wp\/v2\/media\/9475"}],"wp:attachment":[{"href":"https:\/\/tododescuento.cl\/web\/wp-json\/wp\/v2\/media?parent=7062"}],"wp:term":[{"taxonomy":"product_brand","embeddable":true,"href":"https:\/\/tododescuento.cl\/web\/wp-json\/wp\/v2\/product_brand?post=7062"},{"taxonomy":"product_cat","embeddable":true,"href":"https:\/\/tododescuento.cl\/web\/wp-json\/wp\/v2\/product_cat?post=7062"},{"taxonomy":"product_tag","embeddable":true,"href":"https:\/\/tododescuento.cl\/web\/wp-json\/wp\/v2\/product_tag?post=7062"}],"curies":[{"name":"wp","href":"https:\/\/api.w.org\/{rel}","templated":true}]}}