{"id":7061,"date":"2023-12-17T14:28:39","date_gmt":"2023-12-17T17:28:39","guid":{"rendered":"https:\/\/tododescuento.cl\/?post_type=product&#038;p=7061"},"modified":"2025-11-26T16:23:20","modified_gmt":"2025-11-26T19:23:20","slug":"congelador-sd-100-lts-tapa-vidrio","status":"publish","type":"product","link":"https:\/\/tododescuento.cl\/web\/producto\/congelador-sd-100-lts-tapa-vidrio\/","title":{"rendered":"CONGELADOR SD-100 LTS TAPA VIDRIO"},"content":{"rendered":"<p><strong>Caracter\u00edsticas generales:<\/strong><\/p>\n<ul>\n<li>Tapa doble de vidrio recto para exposici\u00f3n de productos<br \/>\n<b><\/b><\/li>\n<li>Panel de control frontal con termostato de regulaci\u00f3n<br \/>\n<b><\/b><\/li>\n<li>Ruedas Para F\u00e1cil Desplazamiento<\/li>\n<li>1 Canastillo<\/li>\n<\/ul>\n<p><strong>Especificaciones t\u00e9cnicas:<\/strong><\/p>\n<ul>\n<li>Capacidad 100Lts<\/li>\n<li>Sistema de refrigeraci\u00f3n est\u00e1tico por convecci\u00f3n natural.<\/li>\n<li>Temperatura de congelados: -18\u00baC a -24\u00baC<\/li>\n<li class=\"descripcion noMargin\">Control de T\u00ba por termostato ajustable.<\/li>\n<li class=\"descripcion noMargin\">Refrigerante ecol\u00f3gico sin CFC ni FCKW.<\/li>\n<li>Alimentaci\u00f3n El\u00e9ctrica 220V\/50Hz.<\/li>\n<li>Consumo El\u00e9ctrico 0,15 Kw<\/li>\n<li>Dimensiones 540 x 550 x 800 mm.<\/li>\n<\/ul>\n","protected":false},"excerpt":{"rendered":"<p>Congelador SD-100 sd-100<\/p>\n","protected":false},"featured_media":9472,"comment_status":"closed","ping_status":"closed","template":"","meta":[],"product_brand":[],"product_cat":[228,229],"product_tag":[231,235],"class_list":{"0":"post-7061","1":"product","2":"type-product","3":"status-publish","4":"has-post-thumbnail","6":"product_cat-comercio","7":"product_cat-congeladores","8":"product_tag-blanco","9":"product_tag-sd-100","11":"first","12":"instock","13":"sale","14":"purchasable","15":"product-type-simple"},"_links":{"self":[{"href":"https:\/\/tododescuento.cl\/web\/wp-json\/wp\/v2\/product\/7061","targetHints":{"allow":["GET"]}}],"collection":[{"href":"https:\/\/tododescuento.cl\/web\/wp-json\/wp\/v2\/product"}],"about":[{"href":"https:\/\/tododescuento.cl\/web\/wp-json\/wp\/v2\/types\/product"}],"replies":[{"embeddable":true,"href":"https:\/\/tododescuento.cl\/web\/wp-json\/wp\/v2\/comments?post=7061"}],"wp:featuredmedia":[{"embeddable":true,"href":"https:\/\/tododescuento.cl\/web\/wp-json\/wp\/v2\/media\/9472"}],"wp:attachment":[{"href":"https:\/\/tododescuento.cl\/web\/wp-json\/wp\/v2\/media?parent=7061"}],"wp:term":[{"taxonomy":"product_brand","embeddable":true,"href":"https:\/\/tododescuento.cl\/web\/wp-json\/wp\/v2\/product_brand?post=7061"},{"taxonomy":"product_cat","embeddable":true,"href":"https:\/\/tododescuento.cl\/web\/wp-json\/wp\/v2\/product_cat?post=7061"},{"taxonomy":"product_tag","embeddable":true,"href":"https:\/\/tododescuento.cl\/web\/wp-json\/wp\/v2\/product_tag?post=7061"}],"curies":[{"name":"wp","href":"https:\/\/api.w.org\/{rel}","templated":true}]}}