{"id":10699,"date":"2025-07-14T15:12:12","date_gmt":"2025-07-14T19:12:12","guid":{"rendered":"https:\/\/tododescuento.cl\/?post_type=product&#038;p=10699"},"modified":"2025-07-23T11:21:05","modified_gmt":"2025-07-23T15:21:05","slug":"escritorio-cronos-2-cajones-blanco","status":"publish","type":"product","link":"https:\/\/tododescuento.cl\/web\/producto\/escritorio-cronos-2-cajones-blanco\/","title":{"rendered":"Escritorio Cronos 2 cajones- Blanco"},"content":{"rendered":"<p>El <strong>escritorio Cronos de 2 cajones <\/strong>est\u00e1 fabricado en <strong>MDP<\/strong> con acabado de <strong>brillo mate<\/strong>. Tiene un <strong>nivel de dificultad de montaje medio<\/strong> y su <strong>revestimiento\/acabado es pintura UV<\/strong>.<\/p>\n<p><strong>Importante:<\/strong> La tienda <strong>no ofrece servicio de montaje<\/strong>, y esta informaci\u00f3n est\u00e1 claramente se\u00f1alada en todas las p\u00e1ginas de producto. Los muebles se entregan <strong>desmontados.<\/strong><\/p>\n<p>Este mueble est\u00e1 indicado para su uso en <strong>oficinas<\/strong>, y a\u00f1ade un toque especial a cualquier espacio en tu hogar. Para mantener el producto en buen estado, se sugiere <strong>limpiar \u00fanicamente con un pa\u00f1o seco o ligeramente h\u00famedo<\/strong>, sin productos abrasivos.<\/p>\n<p><em>Los objetos decorativos que aparecen en las im\u00e1genes no est\u00e1n incluidos.<\/em><\/p>\n<div><\/div>\n<p><strong>Caracter\u00edsticas:<\/strong><\/p>\n<p>Incluye manual de montaje: S\u00ed<\/p>\n<p>Tiene patas: S\u00ed<\/p>\n<p>Estado al recibirlo: Desmontado en caja con piezas, herrajes y manuales<\/p>\n<p>\u00bfEs fr\u00e1gil?: No<\/p>\n<p>\u00bfMontaje invertido?: No permitido<\/p>\n<p>\u00bfTiene nicho?: S\u00ed<\/p>\n<p>Cantidad de patas\/sapatas: 5<\/p>\n<p>\u00bfTiene cerradura?: No<\/p>\n<p>\u00bfPatas con ajuste de altura?: No<\/p>\n<p>\u00bfTiene vidrio?: No<\/p>\n<p>\u00bfNecesita montaje?: S\u00ed<\/p>\n<p>Uso sugerido: Oficina<\/p>\n<p>Incluye: Escritorio + Kit de herrajes + Manual de montaje<\/p>\n<p>Tipo de escritorio: Escritorio cl\u00e1sico<\/p>\n<p>Formato: En forma de \u00abL\u00bb<\/p>\n<p>Cantidad de nichos: 5<\/p>\n<p>Garant\u00eda: 90 d\u00edas<\/p>\n<p>Dificultad de montaje: Media<\/p>\n<p>Mantenimiento recomendado: Pa\u00f1o h\u00famedo seguido de pa\u00f1o seco, sin productos abrasivos<\/p>\n<p>Peso m\u00e1ximo por caj\u00f3n: 3 kg<\/p>\n<p>Acabado: Pintura UV<\/p>\n<p>Material del nicho: MDP<\/p>\n<p>Espesor de la estructura: 15 mm<\/p>\n<p>\u00bfTiene cajones?: S\u00ed (2 unidades)<\/p>\n<p>Peso soportado por nicho: 3 kg<\/p>\n<p>Material de correderas: Met\u00e1lico<\/p>\n<p>Tipo de corredera: Convencional<\/p>\n<p>Material de las patas: Madera maciza<\/p>\n<p>Material de la estructura: MDP<\/p>\n<p>Escala de brillo: Mate<\/p>\n<p><span>Dimensiones:<\/span><\/p>\n<p><span>&#8211; Alto: 84.00 cm<\/span><br \/>\n<span>&#8211; Ancho: 128.00 cm<\/span><br \/>\n<span>&#8211; Fondo: 145.00 cm<\/span><br \/>\n<span>&#8211; Peso: 40.500 kg<\/span><\/p>\n","protected":false},"excerpt":{"rendered":"<p>El <strong>escritorio Cronos de 2 cajones <\/strong>est\u00e1 fabricado en <strong>MDP<\/strong> con acabado de <strong>brillo mate<\/strong>.<\/p>\n","protected":false},"featured_media":10701,"comment_status":"open","ping_status":"closed","template":"","meta":[],"product_brand":[],"product_cat":[291,270,561],"product_tag":[753,485,576,627],"class_list":{"0":"post-10699","1":"product","2":"type-product","3":"status-publish","4":"has-post-thumbnail","6":"product_cat-escritorios","7":"product_cat-muebles","8":"product_cat-tododescuento","9":"product_tag-cronos","10":"product_tag-escritorio","11":"product_tag-home-office","12":"product_tag-oficina","14":"first","15":"instock","16":"sale","17":"shipping-taxable","18":"purchasable","19":"product-type-simple"},"_links":{"self":[{"href":"https:\/\/tododescuento.cl\/web\/wp-json\/wp\/v2\/product\/10699","targetHints":{"allow":["GET"]}}],"collection":[{"href":"https:\/\/tododescuento.cl\/web\/wp-json\/wp\/v2\/product"}],"about":[{"href":"https:\/\/tododescuento.cl\/web\/wp-json\/wp\/v2\/types\/product"}],"replies":[{"embeddable":true,"href":"https:\/\/tododescuento.cl\/web\/wp-json\/wp\/v2\/comments?post=10699"}],"wp:featuredmedia":[{"embeddable":true,"href":"https:\/\/tododescuento.cl\/web\/wp-json\/wp\/v2\/media\/10701"}],"wp:attachment":[{"href":"https:\/\/tododescuento.cl\/web\/wp-json\/wp\/v2\/media?parent=10699"}],"wp:term":[{"taxonomy":"product_brand","embeddable":true,"href":"https:\/\/tododescuento.cl\/web\/wp-json\/wp\/v2\/product_brand?post=10699"},{"taxonomy":"product_cat","embeddable":true,"href":"https:\/\/tododescuento.cl\/web\/wp-json\/wp\/v2\/product_cat?post=10699"},{"taxonomy":"product_tag","embeddable":true,"href":"https:\/\/tododescuento.cl\/web\/wp-json\/wp\/v2\/product_tag?post=10699"}],"curies":[{"name":"wp","href":"https:\/\/api.w.org\/{rel}","templated":true}]}}