{"id":10409,"date":"2025-04-25T10:48:36","date_gmt":"2025-04-25T14:48:36","guid":{"rendered":"https:\/\/tododescuento.cl\/?post_type=product&#038;p=10409"},"modified":"2025-09-23T10:23:24","modified_gmt":"2025-09-23T13:23:24","slug":"unidad-taburetes-tolix-66-cm-colores","status":"publish","type":"product","link":"https:\/\/tododescuento.cl\/web\/producto\/unidad-taburetes-tolix-66-cm-colores\/","title":{"rendered":"UNIDAD TABURETES TOLIX 66 CM (COLORES)"},"content":{"rendered":"<div class=\"translate-tooltip-mtz translator-hidden\">\n<div class=\"header\">\n<div class=\"header-controls\"><\/div>\n<\/div>\n<\/div>\n<p>Posee goma antideslizante en sus patas para proteger el suelo. Est\u00e1 protegido por pintura de alta calidad que forma una pel\u00edcula protectora en la superficie, es resistente a ara\u00f1azos, f\u00e1cil de limpiar proporcionando comodidad en su transporte y simplificando su almacenamiento en espacios compactos.<\/p>\n<p>\u2022 Medidas del taburete:<\/p>\n<p>Alto: 88 cm<\/p>\n<p>Alto del piso al asiento: 66 cm<br \/>\nAncho de la banqueta: 41,5 cm<br \/>\nAncho del asiento: 30,5 cm<br \/>\nProfundidad: 30 cm<\/p>\n<p>Respaldo: 18 cm<\/p>\n<p>&nbsp;<\/p>\n","protected":false},"excerpt":{"rendered":"<p>Ideal para mesones y barras de departamentos.<\/p>\n","protected":false},"featured_media":10475,"comment_status":"closed","ping_status":"closed","template":"","meta":[],"product_brand":[],"product_cat":[270,712,278],"product_tag":[601,600,602,593,279],"class_list":{"0":"post-10409","1":"product","2":"type-product","3":"status-publish","4":"has-post-thumbnail","6":"product_cat-muebles","7":"product_cat-ofertas","8":"product_cat-taburetes","9":"product_tag-66cm","10":"product_tag-piso","11":"product_tag-respaldo-bajo","12":"product_tag-taburete","13":"product_tag-tolix","15":"first","16":"instock","17":"purchasable","18":"product-type-variable","19":"has-default-attributes"},"_links":{"self":[{"href":"https:\/\/tododescuento.cl\/web\/wp-json\/wp\/v2\/product\/10409","targetHints":{"allow":["GET"]}}],"collection":[{"href":"https:\/\/tododescuento.cl\/web\/wp-json\/wp\/v2\/product"}],"about":[{"href":"https:\/\/tododescuento.cl\/web\/wp-json\/wp\/v2\/types\/product"}],"replies":[{"embeddable":true,"href":"https:\/\/tododescuento.cl\/web\/wp-json\/wp\/v2\/comments?post=10409"}],"wp:featuredmedia":[{"embeddable":true,"href":"https:\/\/tododescuento.cl\/web\/wp-json\/wp\/v2\/media\/10475"}],"wp:attachment":[{"href":"https:\/\/tododescuento.cl\/web\/wp-json\/wp\/v2\/media?parent=10409"}],"wp:term":[{"taxonomy":"product_brand","embeddable":true,"href":"https:\/\/tododescuento.cl\/web\/wp-json\/wp\/v2\/product_brand?post=10409"},{"taxonomy":"product_cat","embeddable":true,"href":"https:\/\/tododescuento.cl\/web\/wp-json\/wp\/v2\/product_cat?post=10409"},{"taxonomy":"product_tag","embeddable":true,"href":"https:\/\/tododescuento.cl\/web\/wp-json\/wp\/v2\/product_tag?post=10409"}],"curies":[{"name":"wp","href":"https:\/\/api.w.org\/{rel}","templated":true}]}}