{"id":10324,"date":"2025-04-01T16:57:42","date_gmt":"2025-04-01T19:57:42","guid":{"rendered":"https:\/\/tododescuento.cl\/?post_type=product&#038;p=10324"},"modified":"2025-04-01T16:58:58","modified_gmt":"2025-04-01T19:58:58","slug":"mueble-de-cocina-maysa-3-puertas-y-2-nichos","status":"publish","type":"product","link":"https:\/\/tododescuento.cl\/web\/producto\/mueble-de-cocina-maysa-3-puertas-y-2-nichos\/","title":{"rendered":"Mueble de Cocina Maysa 3 puertas y 2 nichos"},"content":{"rendered":"<p>El Mueble de Cocina Maysa 3 puertas y 2 nichos para horno<\/p>\n<p>Producto de MDP con acabado. Empu\u00f1aduras ergon\u00f3micas y modernas hechas de material pl\u00e1stico. Patas de pl\u00e1stico con altura ajustable.<\/p>\n<p>Estilo: moderno<br \/>\nAcabado: l\u00e1mina de acabado<br \/>\nTiene cajones: no<br \/>\nEscala de brillo: mate<br \/>\nMaterial del pie: polipropileno<br \/>\nMaterial de la puerta: MDP<br \/>\nAcabado del pie: Polipropileno<br \/>\nEntorno principal: cocina<br \/>\nMaterial principal: MDP<br \/>\nAcabado de puerta: l\u00e1mina de acabado<br \/>\nMaterial del estante: MDP<br \/>\nAcabado del estante: l\u00e1mina de acabado<br \/>\nTipo de manija de puerta: externa<br \/>\nEscala de brillo de puerta: mate<br \/>\nmanija de puerta Material: MDP<br \/>\nEscala de brillo de estante: mate<br \/>\nTipo de bisagra o corredera de puerta: simple<br \/>\nMaterial de bisagra o corredera de puerta: acero<br \/>\nColor predominante: marr\u00f3n<br \/>\nPies ajustables: S\u00ed<br \/>\nColor interno: madera de roble<br \/>\nColor del producto: madera de roble\/dunas<\/p>\n<p>Peso (kg): 37,4<br \/>\nAltura (cm): 200<br \/>\nAncho (cm): 65<br \/>\nAltura del pie: 13<br \/>\nSoporta hasta (kg) ): 30<br \/>\nProfundidad (cm): 53<\/p>\n","protected":false},"excerpt":{"rendered":"<p>Este mueble horno\/micro kit de 65 cm tiene 3 puertas, espacio para horno y microondas.<\/p>\n","protected":false},"featured_media":10325,"comment_status":"open","ping_status":"closed","template":"","meta":[],"product_brand":[],"product_cat":[387,270,561],"product_tag":[336,731,730],"class_list":{"0":"post-10324","1":"product","2":"type-product","3":"status-publish","4":"has-post-thumbnail","6":"product_cat-estantes","7":"product_cat-muebles","8":"product_cat-tododescuento","9":"product_tag-cocina","10":"product_tag-maysa","11":"product_tag-mueble","13":"first","14":"instock","15":"sale","16":"shipping-taxable","17":"purchasable","18":"product-type-simple"},"_links":{"self":[{"href":"https:\/\/tododescuento.cl\/web\/wp-json\/wp\/v2\/product\/10324","targetHints":{"allow":["GET"]}}],"collection":[{"href":"https:\/\/tododescuento.cl\/web\/wp-json\/wp\/v2\/product"}],"about":[{"href":"https:\/\/tododescuento.cl\/web\/wp-json\/wp\/v2\/types\/product"}],"replies":[{"embeddable":true,"href":"https:\/\/tododescuento.cl\/web\/wp-json\/wp\/v2\/comments?post=10324"}],"wp:featuredmedia":[{"embeddable":true,"href":"https:\/\/tododescuento.cl\/web\/wp-json\/wp\/v2\/media\/10325"}],"wp:attachment":[{"href":"https:\/\/tododescuento.cl\/web\/wp-json\/wp\/v2\/media?parent=10324"}],"wp:term":[{"taxonomy":"product_brand","embeddable":true,"href":"https:\/\/tododescuento.cl\/web\/wp-json\/wp\/v2\/product_brand?post=10324"},{"taxonomy":"product_cat","embeddable":true,"href":"https:\/\/tododescuento.cl\/web\/wp-json\/wp\/v2\/product_cat?post=10324"},{"taxonomy":"product_tag","embeddable":true,"href":"https:\/\/tododescuento.cl\/web\/wp-json\/wp\/v2\/product_tag?post=10324"}],"curies":[{"name":"wp","href":"https:\/\/api.w.org\/{rel}","templated":true}]}}