{"id":10281,"date":"2025-03-17T15:33:38","date_gmt":"2025-03-17T18:33:38","guid":{"rendered":"https:\/\/tododescuento.cl\/?post_type=product&#038;p=10281"},"modified":"2025-12-01T21:24:40","modified_gmt":"2025-12-02T00:24:40","slug":"carro-multiusos-de-4-niveles-blanco","status":"publish","type":"product","link":"https:\/\/tododescuento.cl\/web\/producto\/carro-multiusos-de-4-niveles-blanco\/","title":{"rendered":"Carro Multiusos de 4 niveles- Blanco"},"content":{"rendered":"<p class=\"a-spacing-base\">Este carrito de almacenamiento de malla tiene estantes de 4 niveles, 4 ruedas resistentes de 360 \u200b\u200bgrados y se puede mover f\u00e1cilmente a cualquier lugar.<\/p>\n<p class=\"a-spacing-base\">Los bordes elevados mantienen sus pertenencias en su lugar sin caerse.<\/p>\n<p class=\"a-spacing-base\">Se utiliza principalmente como estanter\u00eda de almacenamiento de cocina, en peluquer\u00edas y centros de est\u00e9tica, carrito de ba\u00f1o, organizador de carritos, carrito de dormitorio\/sala de estar, carrito de archivos de oficina, carrito de arte, carrito de bar, carrito de manualidades, estante organizador, carrito de servicio, carrito de herramientas, etc.<\/p>\n<ul class=\"a-unordered-list a-vertical a-spacing-mini\">\n<li><span class=\"a-list-item\">Uso multiprop\u00f3sito de este duradero carrito utilitario de metal.<\/span><\/li>\n<li><span class=\"a-list-item\">El carrito de almacenamiento de metal de 4 niveles proporciona un amplio espacio<\/span><\/li>\n<li><span class=\"a-list-item\">4 ruedas flexibles hacen que el carrito utilitario sea f\u00e1cil de mover a cualquier lugar<\/span><\/li>\n<li><span class=\"a-list-item\">Las ruedas bloqueables permiten que el carrito se detenga en un lugar espec\u00edfico<\/span><\/li>\n<li><span class=\"a-list-item\">F\u00e1cil montaje con instrucciones claras.<\/span><\/li>\n<\/ul>\n","protected":false},"excerpt":{"rendered":"<p><span class=\"a-text-bold\">El carro organizador multiusos rodante de metal de 4 niveles proporciona suficiente espacio para su almacenamiento diario<\/span><\/p>\n","protected":false},"featured_media":10282,"comment_status":"open","ping_status":"closed","template":"","meta":[],"product_brand":[],"product_cat":[387,561,15],"product_tag":[],"class_list":{"0":"post-10281","1":"product","2":"type-product","3":"status-publish","4":"has-post-thumbnail","6":"product_cat-estantes","7":"product_cat-tododescuento","8":"product_cat-variados","10":"first","11":"instock","12":"sale","13":"shipping-taxable","14":"purchasable","15":"product-type-simple"},"_links":{"self":[{"href":"https:\/\/tododescuento.cl\/web\/wp-json\/wp\/v2\/product\/10281","targetHints":{"allow":["GET"]}}],"collection":[{"href":"https:\/\/tododescuento.cl\/web\/wp-json\/wp\/v2\/product"}],"about":[{"href":"https:\/\/tododescuento.cl\/web\/wp-json\/wp\/v2\/types\/product"}],"replies":[{"embeddable":true,"href":"https:\/\/tododescuento.cl\/web\/wp-json\/wp\/v2\/comments?post=10281"}],"wp:featuredmedia":[{"embeddable":true,"href":"https:\/\/tododescuento.cl\/web\/wp-json\/wp\/v2\/media\/10282"}],"wp:attachment":[{"href":"https:\/\/tododescuento.cl\/web\/wp-json\/wp\/v2\/media?parent=10281"}],"wp:term":[{"taxonomy":"product_brand","embeddable":true,"href":"https:\/\/tododescuento.cl\/web\/wp-json\/wp\/v2\/product_brand?post=10281"},{"taxonomy":"product_cat","embeddable":true,"href":"https:\/\/tododescuento.cl\/web\/wp-json\/wp\/v2\/product_cat?post=10281"},{"taxonomy":"product_tag","embeddable":true,"href":"https:\/\/tododescuento.cl\/web\/wp-json\/wp\/v2\/product_tag?post=10281"}],"curies":[{"name":"wp","href":"https:\/\/api.w.org\/{rel}","templated":true}]}}