{"id":10175,"date":"2025-02-18T14:34:12","date_gmt":"2025-02-18T17:34:12","guid":{"rendered":"https:\/\/tododescuento.cl\/?post_type=product&#038;p=10175"},"modified":"2025-05-21T22:11:54","modified_gmt":"2025-05-22T02:11:54","slug":"carro-peluqueria-5-gavetas-negro","status":"publish","type":"product","link":"https:\/\/tododescuento.cl\/web\/producto\/carro-peluqueria-5-gavetas-negro\/","title":{"rendered":"Carro Peluquer\u00eda 5 Gavetas Negro"},"content":{"rendered":"<p>El dise\u00f1o simple pero moderno del carro tiene cinco cajones mas una bandeja para herramientas y otros equipos. La parte superior tiene soportes integrados para secadores de pelo y botellas (por ejemplo, Hairspray)<\/p>\n<p>El Carro de peluquer\u00eda profesional esta construido en pl\u00e1stico ABS de alta calidad, resistencia a la corrosi\u00f3n, larga vida \u00fatil, gran capacidad de carga. El dise\u00f1o de gran capacidad puede contener una gran cantidad de herramientas de belleza, almacenamiento multifuncional, es una herramienta esencial para peluquer\u00edas o salones de belleza.<\/p>\n<p>Nuestro carrito de almacenamiento con cajones se puede usar en una variedad de entornos, incluidos salones de belleza, peluquer\u00edas, spas e incluso en el hogar.<\/p>\n<p>Su dise\u00f1o vers\u00e1til y su funcionalidad lo convierten en una herramienta \u00fatil para cualquier profesional o aficionado.<\/p>\n<p>Material PP para cajones y bandeja.<br \/>\n\u2022 Tablero lateral de hierro pintado.<br \/>\n\u2022 Con 5 cajones + 1 bandeja<br \/>\n(uno de los cajones se puede poner<br \/>\nen la parte superior).<br \/>\n\u2022 Con un soporte de pl\u00e1stico para secador de pelo.<br \/>\n\u2022 Tama\u00f1o del producto: 37x41x90 cm.<\/p>\n","protected":false},"excerpt":{"rendered":"<p>Este mueble o carro ayudante con ruedas es perfecto para todos los peluqueros y salones de belleza o tiendas de tatuajes<\/p>\n","protected":false},"featured_media":10305,"comment_status":"open","ping_status":"closed","template":"","meta":[],"product_brand":[],"product_cat":[345,561],"product_tag":[637,679,672],"class_list":{"0":"post-10175","1":"product","2":"type-product","3":"status-publish","4":"has-post-thumbnail","6":"product_cat-peluqueria-y-barberia","7":"product_cat-tododescuento","8":"product_tag-barberia","9":"product_tag-carro-peluqueria","10":"product_tag-salon-de-belleza","12":"first","13":"instock","14":"sale","15":"shipping-taxable","16":"purchasable","17":"product-type-simple"},"_links":{"self":[{"href":"https:\/\/tododescuento.cl\/web\/wp-json\/wp\/v2\/product\/10175","targetHints":{"allow":["GET"]}}],"collection":[{"href":"https:\/\/tododescuento.cl\/web\/wp-json\/wp\/v2\/product"}],"about":[{"href":"https:\/\/tododescuento.cl\/web\/wp-json\/wp\/v2\/types\/product"}],"replies":[{"embeddable":true,"href":"https:\/\/tododescuento.cl\/web\/wp-json\/wp\/v2\/comments?post=10175"}],"wp:featuredmedia":[{"embeddable":true,"href":"https:\/\/tododescuento.cl\/web\/wp-json\/wp\/v2\/media\/10305"}],"wp:attachment":[{"href":"https:\/\/tododescuento.cl\/web\/wp-json\/wp\/v2\/media?parent=10175"}],"wp:term":[{"taxonomy":"product_brand","embeddable":true,"href":"https:\/\/tododescuento.cl\/web\/wp-json\/wp\/v2\/product_brand?post=10175"},{"taxonomy":"product_cat","embeddable":true,"href":"https:\/\/tododescuento.cl\/web\/wp-json\/wp\/v2\/product_cat?post=10175"},{"taxonomy":"product_tag","embeddable":true,"href":"https:\/\/tododescuento.cl\/web\/wp-json\/wp\/v2\/product_tag?post=10175"}],"curies":[{"name":"wp","href":"https:\/\/api.w.org\/{rel}","templated":true}]}}