{"id":10140,"date":"2025-02-13T14:16:51","date_gmt":"2025-02-13T17:16:51","guid":{"rendered":"https:\/\/tododescuento.cl\/?post_type=product&#038;p=10140"},"modified":"2025-10-01T12:14:02","modified_gmt":"2025-10-01T15:14:02","slug":"pack-4-sillas-moscu-verde","status":"publish","type":"product","link":"https:\/\/tododescuento.cl\/web\/producto\/pack-4-sillas-moscu-verde\/","title":{"rendered":"Pack 4 Sillas Mosc\u00fa- Verde"},"content":{"rendered":"<p>Silla modelo Mosc\u00fa para casino y cafeter\u00eda, especial para eventos masivos y empresas.<br \/>\nFabricada en pl\u00e1stico polipropileno de alta calidad y duraci\u00f3n.<\/p>\n<p>Dise\u00f1o ergon\u00f3mico de altura perfecta y asiento curvado que soporta bien tu espalda y cintura al sentarte, podr\u00eda permitirte disfrutar totalmente de tu hora de comer.<\/p>\n<p>El pl\u00e1stico moldeado de alta calidad, hace que la silla sea m\u00e1s duradera y s\u00f3lida.<\/p>\n<p>Dise\u00f1o limpio y simple con un aspecto moderno respaldo curvo, asiento redondeado y patas rectas; dise\u00f1o ligero y duradero; no requiere montaje.<\/p>\n<p>Este juego de cuatro sillas de comedor es perfecto para uso dom\u00e9stico y de oficina, como salas de estar, comedores, dormitorios, vest\u00edbulo, recepci\u00f3n, salas de espera y banquetes.<\/p>\n<p>Medidas: 83 cm alto x 44 cm ancho x 44cms de fondo<br \/>\nalto patas 43cms x alto respaldo 38 cm<br \/>\nPeso:3.5 kg<\/p>\n<p>Resistencia: 100 kg<br \/>\nMedidas embalaje caja 4 unidades: 78x93x48 cm<\/p>\n","protected":false},"excerpt":{"rendered":"<p>Silla modelo Moscu para casino y cafeter\u00eda, especial para eventos masivos y empresas.<br \/>\nFabricada en pl\u00e1stico polipropileno de alta calidad y duraci\u00f3n.<\/p>\n","protected":false},"featured_media":10141,"comment_status":"open","ping_status":"closed","template":"","meta":[],"product_brand":[],"product_cat":[271,561],"product_tag":[616,729,430,341],"class_list":{"0":"post-10140","1":"product","2":"type-product","3":"status-publish","4":"has-post-thumbnail","6":"product_cat-sillas","7":"product_cat-tododescuento","8":"product_tag-comedor","9":"product_tag-moscu","10":"product_tag-silla","11":"product_tag-verde","13":"first","14":"instock","15":"sale","16":"shipping-taxable","17":"purchasable","18":"product-type-simple"},"_links":{"self":[{"href":"https:\/\/tododescuento.cl\/web\/wp-json\/wp\/v2\/product\/10140","targetHints":{"allow":["GET"]}}],"collection":[{"href":"https:\/\/tododescuento.cl\/web\/wp-json\/wp\/v2\/product"}],"about":[{"href":"https:\/\/tododescuento.cl\/web\/wp-json\/wp\/v2\/types\/product"}],"replies":[{"embeddable":true,"href":"https:\/\/tododescuento.cl\/web\/wp-json\/wp\/v2\/comments?post=10140"}],"wp:featuredmedia":[{"embeddable":true,"href":"https:\/\/tododescuento.cl\/web\/wp-json\/wp\/v2\/media\/10141"}],"wp:attachment":[{"href":"https:\/\/tododescuento.cl\/web\/wp-json\/wp\/v2\/media?parent=10140"}],"wp:term":[{"taxonomy":"product_brand","embeddable":true,"href":"https:\/\/tododescuento.cl\/web\/wp-json\/wp\/v2\/product_brand?post=10140"},{"taxonomy":"product_cat","embeddable":true,"href":"https:\/\/tododescuento.cl\/web\/wp-json\/wp\/v2\/product_cat?post=10140"},{"taxonomy":"product_tag","embeddable":true,"href":"https:\/\/tododescuento.cl\/web\/wp-json\/wp\/v2\/product_tag?post=10140"}],"curies":[{"name":"wp","href":"https:\/\/api.w.org\/{rel}","templated":true}]}}