{"id":10113,"date":"2025-02-11T14:48:24","date_gmt":"2025-02-11T17:48:24","guid":{"rendered":"https:\/\/tododescuento.cl\/?post_type=product&#038;p=10113"},"modified":"2025-08-27T12:34:31","modified_gmt":"2025-08-27T16:34:31","slug":"silla-gamer-jiquiao-negro-rojo","status":"publish","type":"product","link":"https:\/\/tododescuento.cl\/web\/producto\/silla-gamer-jiquiao-negro-rojo\/","title":{"rendered":"Silla Gamer JIQIAO- Negro\/ Rojo"},"content":{"rendered":"<p><span class=\"a-list-item\">Esta c\u00f3moda silla para computadora adopta un dise\u00f1o ergon\u00f3mico y est\u00e1 equipada con cojines de masaje lumbar y reposacabezas. Este reposacabezas de sill\u00f3n blando puede aliviar la fatiga del cuello. La ligera vibraci\u00f3n de la zona lumbar puede reducir la presi\u00f3n y el dolor y brindarle sesiones de juego o de trabajo agradables.<\/span><\/p>\n<p><span class=\"a-list-item\">La Silla Gamer JIQIAO ergon\u00f3mica tiene la exclusiva funci\u00f3n reclinable de gran \u00e1ngulo de la silla se puede ajustar entre 90\u00b0 y 135\u00b0 seg\u00fan sus necesidades, lo que le permite mantener un estado c\u00f3modo en todo momento.<\/span><\/p>\n<p><span class=\"a-list-item\">La altura es ajustable, la base y las ruedas de la silla de escritorio pueden girar 360 grados, nuestras ruedas universales no solo funcionan suavemente, sino que tampoco rayan el piso, lo que le permite moverse r\u00e1pidamente a donde quiera sin problemas. La altura de la silla de escritorio es ajustable, puedes ajustar la altura seg\u00fan tus diferentes necesidades, ayud\u00e1ndote a encontrar la posici\u00f3n ideal.<\/span><\/p>\n<p><span class=\"a-list-item\">La Silla Gamer JIQIAO te permite relajarte como si estuvieras durmiendo en tu cama, apto para trabajar, leer, jugar, escuchar m\u00fasica o tomar una siesta.<\/span><\/p>\n<p><span class=\"a-list-item\">Muy f\u00e1cil de instalar nuestra silla de escritorio para computadora es incre\u00edblemente f\u00e1cil de instalar. Con un sencillo proceso de configuraci\u00f3n, podr\u00e1s montarlo r\u00e1pidamente y sin problemas. No se requieren herramientas complejas: en cuesti\u00f3n de minutos podr\u00e1s disfrutar de la experiencia de juego inmersiva que ofrece.<\/span><\/p>\n<p>Medidas<\/p>\n<p>Altura total 130 cm<\/p>\n<p>Altura base a piso 42-50 cm<\/p>\n<p>Ancho asiento 52 cm<\/p>\n<p>Profundidad asiento 42 cm<\/p>\n<p>Material: Metal, cuero sint\u00e9tico<\/p>\n<p>Capacidad de peso: 150 kg.<\/p>\n<p>El paquete incluye:<br \/>\n1 * accesorios de montaje<br \/>\n1 * silla para juegos<\/p>\n<p>&nbsp;<\/p>\n","protected":false},"excerpt":{"rendered":"<p>Presentamos nuestra incre\u00edble Silla Gamer, dise\u00f1ada para brindarte la m\u00e1xima comodidad y rendimiento durante tus sesiones de videojuego.<\/p>\n","protected":false},"featured_media":10105,"comment_status":"open","ping_status":"closed","template":"","meta":[],"product_brand":[],"product_cat":[349,271,346],"product_tag":[409,728,430],"class_list":{"0":"post-10113","1":"product","2":"type-product","3":"status-publish","4":"has-post-thumbnail","6":"product_cat-gamer","7":"product_cat-sillas","8":"product_cat-sillon","9":"product_tag-gamer","10":"product_tag-jiquiao","11":"product_tag-silla","13":"first","14":"instock","15":"sale","16":"shipping-taxable","17":"purchasable","18":"product-type-simple"},"_links":{"self":[{"href":"https:\/\/tododescuento.cl\/web\/wp-json\/wp\/v2\/product\/10113","targetHints":{"allow":["GET"]}}],"collection":[{"href":"https:\/\/tododescuento.cl\/web\/wp-json\/wp\/v2\/product"}],"about":[{"href":"https:\/\/tododescuento.cl\/web\/wp-json\/wp\/v2\/types\/product"}],"replies":[{"embeddable":true,"href":"https:\/\/tododescuento.cl\/web\/wp-json\/wp\/v2\/comments?post=10113"}],"wp:featuredmedia":[{"embeddable":true,"href":"https:\/\/tododescuento.cl\/web\/wp-json\/wp\/v2\/media\/10105"}],"wp:attachment":[{"href":"https:\/\/tododescuento.cl\/web\/wp-json\/wp\/v2\/media?parent=10113"}],"wp:term":[{"taxonomy":"product_brand","embeddable":true,"href":"https:\/\/tododescuento.cl\/web\/wp-json\/wp\/v2\/product_brand?post=10113"},{"taxonomy":"product_cat","embeddable":true,"href":"https:\/\/tododescuento.cl\/web\/wp-json\/wp\/v2\/product_cat?post=10113"},{"taxonomy":"product_tag","embeddable":true,"href":"https:\/\/tododescuento.cl\/web\/wp-json\/wp\/v2\/product_tag?post=10113"}],"curies":[{"name":"wp","href":"https:\/\/api.w.org\/{rel}","templated":true}]}}