{"id":10066,"date":"2025-02-05T10:05:21","date_gmt":"2025-02-05T13:05:21","guid":{"rendered":"https:\/\/tododescuento.cl\/?post_type=product&#038;p=10066"},"modified":"2025-07-23T15:45:48","modified_gmt":"2025-07-23T19:45:48","slug":"velador-inteligente-gris","status":"publish","type":"product","link":"https:\/\/tododescuento.cl\/web\/producto\/velador-inteligente-gris\/","title":{"rendered":"Velador Inteligente- Gris"},"content":{"rendered":"<p>Dise\u00f1o elegante: velador con retroiluminaci\u00f3n LED ajustable de 3 colores (c\u00e1lido\/fr\u00edo\/natural). Efectos de iluminaci\u00f3n ajustables pulsando el bot\u00f3n t\u00e1ctil. El brillo de la luz se puede ajustar pulsando el bot\u00f3n del interruptor.<\/p>\n<p>Los altavoces se conectan r\u00e1pidamente v\u00eda bluetooth, con una rica calidad de sonido, alta velocidad y estabilidad, y fuerte capacidad anti interferencia. Te permite disfrutar del placer del sonido de alta calidad sin p\u00e9rdidas en cualquier momento.<\/p>\n<p>La carga inal\u00e1mbrica inteligente es para tel\u00e9fonos de \u00faltima generaci\u00f3n tambi\u00e9n posee 3 puerto de carga (2 USB y 1 tipo C), que puede cargar tres dispositivos al mismo tiempo.<\/p>\n<p>Duradero y estable: las mesitas de noche est\u00e1n equipadas con escritorio de vidrio templado, que cuenta con una mejor resistencia al desgaste y tambi\u00e9n para un f\u00e1cil mantenimiento. Tiene madera resistente al agua para garantizar un largo tiempo de servicio, asas f\u00e1ciles de tirar para hacer que la apertura y el cierre sea suave y 4 patas fuertes de alineaci\u00f3n de carbono.<\/p>\n<p>La carga inal\u00e1mbrica inteligente es para dispositivos con esta tecnologia.<\/p>\n<p>Medidas: 45 ancho x 40 profundidad x 59cm altura<\/p>\n<p>Material: MDF + Cubierta de melamina y patas de madera s\u00f3lida y eco cuero.<\/p>\n<p>El Velador Inteligente envuelto por Cuero PVC es una pieza de mobiliario elegante y pr\u00e1ctica que combina las \u00faltimas tecnolog\u00edas con un dise\u00f1o sofisticado. Con su base de carga inal\u00e1mbrica, este velador permite cargar dispositivos m\u00f3viles de manera conveniente y f\u00e1cil simplemente coloc\u00e1ndolos en la superficie de carga.<\/p>\n<p>Adem\u00e1s, el Velador Inteligente cuenta con una luz integrada que se puede ajustar seg\u00fan las necesidades de cada usuario. La intensidad de la luz se puede cambiar desde una aplicaci\u00f3n m\u00f3vil o mediante un bot\u00f3n de control t\u00e1ctil ubicado en la parte superior del velador.<\/p>\n<p>La envoltura de cuero PVC en el exterior del velador le da una apariencia elegante y moderna, mientras que su interior est\u00e1 dise\u00f1ado para proteger los dispositivos que se colocan en la superficie de carga. En general, el Velador Inteligente envuelto por Cuero PVC es un objeto de tecnolog\u00eda avanzada que combina funcionalidad y dise\u00f1o para satisfacer las necesidades de los usuarios m\u00e1s exigentes.<\/p>\n","protected":false},"excerpt":{"rendered":"<p>Velador inteligente con lector de huellas, parlantes, estaci\u00f3n de carga inal\u00e1mbrica, puerto USB, luces LED de 3 colores y 3 cajones de almacenamiento.<\/p>\n","protected":false},"featured_media":10071,"comment_status":"open","ping_status":"closed","template":"","meta":[],"product_brand":[],"product_cat":[561,398],"product_tag":[727,315,725,726,655],"class_list":{"0":"post-10066","1":"product","2":"type-product","3":"status-publish","4":"has-post-thumbnail","6":"product_cat-tododescuento","7":"product_cat-veladores","8":"product_tag-carga-inalambrica","9":"product_tag-gris","10":"product_tag-inteligente","11":"product_tag-parlante","12":"product_tag-velador","14":"first","15":"instock","16":"sale","17":"shipping-taxable","18":"purchasable","19":"product-type-simple"},"_links":{"self":[{"href":"https:\/\/tododescuento.cl\/web\/wp-json\/wp\/v2\/product\/10066","targetHints":{"allow":["GET"]}}],"collection":[{"href":"https:\/\/tododescuento.cl\/web\/wp-json\/wp\/v2\/product"}],"about":[{"href":"https:\/\/tododescuento.cl\/web\/wp-json\/wp\/v2\/types\/product"}],"replies":[{"embeddable":true,"href":"https:\/\/tododescuento.cl\/web\/wp-json\/wp\/v2\/comments?post=10066"}],"wp:featuredmedia":[{"embeddable":true,"href":"https:\/\/tododescuento.cl\/web\/wp-json\/wp\/v2\/media\/10071"}],"wp:attachment":[{"href":"https:\/\/tododescuento.cl\/web\/wp-json\/wp\/v2\/media?parent=10066"}],"wp:term":[{"taxonomy":"product_brand","embeddable":true,"href":"https:\/\/tododescuento.cl\/web\/wp-json\/wp\/v2\/product_brand?post=10066"},{"taxonomy":"product_cat","embeddable":true,"href":"https:\/\/tododescuento.cl\/web\/wp-json\/wp\/v2\/product_cat?post=10066"},{"taxonomy":"product_tag","embeddable":true,"href":"https:\/\/tododescuento.cl\/web\/wp-json\/wp\/v2\/product_tag?post=10066"}],"curies":[{"name":"wp","href":"https:\/\/api.w.org\/{rel}","templated":true}]}}